{"id":18457,"date":"2025-06-19T14:07:55","date_gmt":"2025-06-19T18:07:55","guid":{"rendered":"https:\/\/espe.worryfreeweb.ca\/?page_id=18457"},"modified":"2025-11-28T18:34:54","modified_gmt":"2025-11-28T23:34:54","slug":"terms-and-conditions","status":"publish","type":"page","link":"https:\/\/espemtl.com\/en\/terms-and-conditions\/","title":{"rendered":"Terms and conditions"},"content":{"rendered":"\t\t<div data-elementor-type=\"wp-page\" data-elementor-id=\"18457\" class=\"elementor elementor-18457 elementor-1503\" data-elementor-post-type=\"page\">\n\t\t\t\t<div class=\"elementor-element elementor-element-07255da services white e-flex e-con-boxed e-con e-parent\" data-id=\"07255da\" data-element_type=\"container\" data-settings=\"{&quot;background_background&quot;:&quot;classic&quot;}\">\n\t\t\t\t\t<div class=\"e-con-inner\">\n\t\t<div class=\"elementor-element elementor-element-8cfae29 e-con-full heading-list e-flex e-con e-child\" data-id=\"8cfae29\" data-element_type=\"container\">\n\t\t\t\t<div class=\"elementor-element elementor-element-764eb7f elementor-widget elementor-widget-heading\" data-id=\"764eb7f\" data-element_type=\"widget\" data-widget_type=\"heading.default\">\n\t\t\t\t<div class=\"elementor-widget-container\">\n\t\t\t\t\t<h1 class=\"elementor-heading-title elementor-size-default\">Terms &amp; Conditions<\/h1>\t\t\t\t<\/div>\n\t\t\t\t<\/div>\n\t\t\t\t<\/div>\n\t\t\t\t\t<\/div>\n\t\t\t\t<\/div>\n\t\t<div class=\"elementor-element elementor-element-2fddd64 e-flex e-con-boxed e-con e-parent\" data-id=\"2fddd64\" data-element_type=\"container\" data-settings=\"{&quot;background_background&quot;:&quot;classic&quot;}\">\n\t\t\t\t\t<div class=\"e-con-inner\">\n\t\t<div class=\"elementor-element elementor-element-b2b3709 e-con-full e-flex e-con e-child\" data-id=\"b2b3709\" data-element_type=\"container\">\n\t\t\t\t<div class=\"elementor-element elementor-element-56162e9 elementor-widget elementor-widget-text-editor\" data-id=\"56162e9\" data-element_type=\"widget\" data-widget_type=\"text-editor.default\">\n\t\t\t\t<div class=\"elementor-widget-container\">\n\t\t\t\t\t\t\t\t\t<p>The following terms and conditions govern and apply to your use of or reliance on the website maintained by ESP\u00c9 (the &#8220;Site&#8221;).<br \/>By accessing or browsing the Site, you declare that you have read and understood the Terms of Use and agree to be bound by them. Please note that we may modify the Terms of Use at any time without notice. Your continued use of the Site will be deemed your acceptance of the revised Terms of Use.<\/p>\t\t\t\t\t\t\t\t<\/div>\n\t\t\t\t<\/div>\n\t\t\t\t<div class=\"elementor-element elementor-element-dd03098 elementor-widget elementor-widget-heading\" data-id=\"dd03098\" data-element_type=\"widget\" data-widget_type=\"heading.default\">\n\t\t\t\t<div class=\"elementor-widget-container\">\n\t\t\t\t\t<h4 class=\"elementor-heading-title elementor-size-default\">1. INTELLECTUAL PROPERTY<\/h4>\t\t\t\t<\/div>\n\t\t\t\t<\/div>\n\t\t\t\t<div class=\"elementor-element elementor-element-128658f elementor-widget__width-initial elementor-widget elementor-widget-heading\" data-id=\"128658f\" data-element_type=\"widget\" data-widget_type=\"heading.default\">\n\t\t\t\t<div class=\"elementor-widget-container\">\n\t\t\t\t\t<p class=\"elementor-heading-title elementor-size-default\">All intellectual property on the Site is owned by us or our licensors and includes any material protected by copyright, trademark or patent. All trademarks are owned, registered and\/or licensed by us. All content on the Site, including but not limited to text, software, code, design, graphics, photos, sounds, music, videos, applications, interactive features and any other content, is a collective work under Canadian or other copyright law and is the property of ESP\u00c9.Tous droits r\u00e9serv\u00e9s.<\/p>\t\t\t\t<\/div>\n\t\t\t\t<\/div>\n\t\t\t\t<\/div>\n\t\t<div class=\"elementor-element elementor-element-7df1b56 e-con-full e-flex e-con e-child\" data-id=\"7df1b56\" data-element_type=\"container\">\n\t\t\t\t<div class=\"elementor-element elementor-element-8b3437c elementor-widget elementor-widget-heading\" data-id=\"8b3437c\" data-element_type=\"widget\" data-widget_type=\"heading.default\">\n\t\t\t\t<div class=\"elementor-widget-container\">\n\t\t\t\t\t<h4 class=\"elementor-heading-title elementor-size-default\">2. USE OF COMPANY CONTENT<\/h4>\t\t\t\t<\/div>\n\t\t\t\t<\/div>\n\t\t\t\t<div class=\"elementor-element elementor-element-e6d02a2 elementor-widget__width-initial elementor-widget elementor-widget-heading\" data-id=\"e6d02a2\" data-element_type=\"widget\" data-widget_type=\"heading.default\">\n\t\t\t\t<div class=\"elementor-widget-container\">\n\t\t\t\t\t<p class=\"elementor-heading-title elementor-size-default\">We may provide you with certain information as a result of your use of the Site, including, without limitation, documents, data or information developed by us, or any other material that may assist you in using the Site or the Services (the \u201cCompany Content\u201d). The Company Content may not be used for any purpose other than the use of the Site and the Services offered on the Site. Nothing herein shall be construed as granting you any license or intellectual property rights.<\/p>\t\t\t\t<\/div>\n\t\t\t\t<\/div>\n\t\t\t\t<\/div>\n\t\t<div class=\"elementor-element elementor-element-20af189 e-con-full e-flex e-con e-child\" data-id=\"20af189\" data-element_type=\"container\">\n\t\t\t\t<div class=\"elementor-element elementor-element-1466f1a elementor-widget elementor-widget-heading\" data-id=\"1466f1a\" data-element_type=\"widget\" data-widget_type=\"heading.default\">\n\t\t\t\t<div class=\"elementor-widget-container\">\n\t\t\t\t\t<h4 class=\"elementor-heading-title elementor-size-default\">3. ACCEPTABLE USE OF THE SITE<\/h4>\t\t\t\t<\/div>\n\t\t\t\t<\/div>\n\t\t\t\t<div class=\"elementor-element elementor-element-aab07b0 elementor-widget elementor-widget-text-editor\" data-id=\"aab07b0\" data-element_type=\"widget\" data-widget_type=\"text-editor.default\">\n\t\t\t\t<div class=\"elementor-widget-container\">\n\t\t\t\t\t\t\t\t\t<p>You agree not to use the Site for any unlawful purpose or any other purpose prohibited by this clause. You agree not to use the Site in any way that could harm the Site, the Services, or the business of ESP\u00c9. You also agree not to use the Site for the following purposes:<br \/>a) harassing, abusing, or threatening others or otherwise violating a person&#8217;s rights;<br \/>b) infringe the intellectual property of ESP\u00c9 or any other third party;<br \/>c) upload or transmit computer viruses or any other software that could damage the property of ESP\u00c9 or others;<br \/>d) commit fraud;<br \/>e) create or participate in illegal gambling, lottery, or pyramid schemes;<br \/>f) publish or distribute obscene or defamatory material;<br \/>g) publish or distribute any material that incites violence, hatred, or discrimination against any group; and\/or<br \/>h) illegally collect information about others.<\/p>\t\t\t\t\t\t\t\t<\/div>\n\t\t\t\t<\/div>\n\t\t\t\t<div class=\"elementor-element elementor-element-c9c2236 elementor-widget elementor-widget-heading\" data-id=\"c9c2236\" data-element_type=\"widget\" data-widget_type=\"heading.default\">\n\t\t\t\t<div class=\"elementor-widget-container\">\n\t\t\t\t\t<h4 class=\"elementor-heading-title elementor-size-default\">4. PROTECTION OF PRIVACY<\/h4>\t\t\t\t<\/div>\n\t\t\t\t<\/div>\n\t\t\t\t<div class=\"elementor-element elementor-element-99d4b69 elementor-widget elementor-widget-text-editor\" data-id=\"99d4b69\" data-element_type=\"widget\" data-widget_type=\"text-editor.default\">\n\t\t\t\t<div class=\"elementor-widget-container\">\n\t\t\t\t\t\t\t\t\t<p>By using our site, you may provide us with certain information.<br \/>By using the site, you authorize us to use your information in Canada and any other country in which we may operate.<br \/>We may receive information from external applications you use to access our site, or we may receive information about you through various web technologies such as cookies, history records, web beacons (also known as &#8220;clear GIFs&#8221;), tags, and others.<\/p><p>We use the information collected from you to ensure you have a good experience on the site. We may also track certain passive information received to improve our marketing and analytics. To do this, we may work with third-party providers, including other merchants.<\/p><p>If you wish to block our access to any passive information we receive through the use of various technologies, you can choose to disable cookies in your web browser.<\/p>\t\t\t\t\t\t\t\t<\/div>\n\t\t\t\t<\/div>\n\t\t\t\t<div class=\"elementor-element elementor-element-db25186 elementor-widget elementor-widget-heading\" data-id=\"db25186\" data-element_type=\"widget\" data-widget_type=\"heading.default\">\n\t\t\t\t<div class=\"elementor-widget-container\">\n\t\t\t\t\t<h4 class=\"elementor-heading-title elementor-size-default\">5. DISCLAIMER<\/h4>\t\t\t\t<\/div>\n\t\t\t\t<\/div>\n\t\t\t\t<div class=\"elementor-element elementor-element-54b2d44 elementor-widget elementor-widget-text-editor\" data-id=\"54b2d44\" data-element_type=\"widget\" data-widget_type=\"text-editor.default\">\n\t\t\t\t<div class=\"elementor-widget-container\">\n\t\t\t\t\t\t\t\t\t<p>Our website exists for communication purposes only. You acknowledge and agree that any information published on our website is not intended to be legal, medical, or financial advice, and no fiduciary relationship has been created between you and ESP\u00c9. We are not responsible for any advice or other information provided on the website.<\/p>\t\t\t\t\t\t\t\t<\/div>\n\t\t\t\t<\/div>\n\t\t\t\t<div class=\"elementor-element elementor-element-6cd2d55 elementor-widget elementor-widget-heading\" data-id=\"6cd2d55\" data-element_type=\"widget\" data-widget_type=\"heading.default\">\n\t\t\t\t<div class=\"elementor-widget-container\">\n\t\t\t\t\t<h4 class=\"elementor-heading-title elementor-size-default\">6. REVERSE ENGINEERING AND SECURITY<\/h4>\t\t\t\t<\/div>\n\t\t\t\t<\/div>\n\t\t\t\t<div class=\"elementor-element elementor-element-24e4ac9 elementor-widget elementor-widget-text-editor\" data-id=\"24e4ac9\" data-element_type=\"widget\" data-widget_type=\"text-editor.default\">\n\t\t\t\t<div class=\"elementor-widget-container\">\n\t\t\t\t\t\t\t\t\t<p>You may not:<br \/>a) reverse engineer or disassemble any code or software on or from this Site;<br \/>b) violate or attempt to violate the security of the Site by gaining unauthorized access, circumventing encryption or other security tools, exploiting data, or interfering with any host, user, or network.<\/p>\t\t\t\t\t\t\t\t<\/div>\n\t\t\t\t<\/div>\n\t\t\t\t<div class=\"elementor-element elementor-element-9cae12c elementor-widget elementor-widget-heading\" data-id=\"9cae12c\" data-element_type=\"widget\" data-widget_type=\"heading.default\">\n\t\t\t\t<div class=\"elementor-widget-container\">\n\t\t\t\t\t<h4 class=\"elementor-heading-title elementor-size-default\">7. COMPENSATION<\/h4>\t\t\t\t<\/div>\n\t\t\t\t<\/div>\n\t\t\t\t<div class=\"elementor-element elementor-element-457e92e elementor-widget elementor-widget-text-editor\" data-id=\"457e92e\" data-element_type=\"widget\" data-widget_type=\"text-editor.default\">\n\t\t\t\t<div class=\"elementor-widget-container\">\n\t\t\t\t\t\t\t\t\t<p>You agree to defend, indemnify, and hold harmless ESP\u00c9 and its affiliates from and against any claim, suit, or demand, including attorneys&#8217; fees, that may arise from or relate to your use or misuse of the Site, your violation of these Terms, or your conduct and actions. If we choose to do so, we will select our own counsel and participate in our own defense.<\/p>\t\t\t\t\t\t\t\t<\/div>\n\t\t\t\t<\/div>\n\t\t\t\t<div class=\"elementor-element elementor-element-f091de4 elementor-widget elementor-widget-heading\" data-id=\"f091de4\" data-element_type=\"widget\" data-widget_type=\"heading.default\">\n\t\t\t\t<div class=\"elementor-widget-container\">\n\t\t\t\t\t<h4 class=\"elementor-heading-title elementor-size-default\">8. SPAM POLICY<\/h4>\t\t\t\t<\/div>\n\t\t\t\t<\/div>\n\t\t\t\t<div class=\"elementor-element elementor-element-0d9bd74 elementor-widget elementor-widget-text-editor\" data-id=\"0d9bd74\" data-element_type=\"widget\" data-widget_type=\"text-editor.default\">\n\t\t\t\t<div class=\"elementor-widget-container\">\n\t\t\t\t\t\t\t\t\t<p>You are strictly prohibited from using the Site or any service offered on the Site for illegal activities related to spam, including collecting addresses and personal information of others or sending mass commercial emails.<\/p>\t\t\t\t\t\t\t\t<\/div>\n\t\t\t\t<\/div>\n\t\t\t\t<div class=\"elementor-element elementor-element-c7e4b7a elementor-widget elementor-widget-heading\" data-id=\"c7e4b7a\" data-element_type=\"widget\" data-widget_type=\"heading.default\">\n\t\t\t\t<div class=\"elementor-widget-container\">\n\t\t\t\t\t<h4 class=\"elementor-heading-title elementor-size-default\">9. LINKS AND THIRD-PARTY CONTENT<\/h4>\t\t\t\t<\/div>\n\t\t\t\t<\/div>\n\t\t\t\t<div class=\"elementor-element elementor-element-5bafe3e elementor-widget elementor-widget-text-editor\" data-id=\"5bafe3e\" data-element_type=\"widget\" data-widget_type=\"text-editor.default\">\n\t\t\t\t<div class=\"elementor-widget-container\">\n\t\t\t\t\t\t\t\t\t<p>We may post links to third-party websites or services. We are not responsible for any damages or losses related to the use of third-party services linked from our site.<\/p>\t\t\t\t\t\t\t\t<\/div>\n\t\t\t\t<\/div>\n\t\t\t\t<div class=\"elementor-element elementor-element-673f1c7 elementor-widget elementor-widget-heading\" data-id=\"673f1c7\" data-element_type=\"widget\" data-widget_type=\"heading.default\">\n\t\t\t\t<div class=\"elementor-widget-container\">\n\t\t\t\t\t<h4 class=\"elementor-heading-title elementor-size-default\">10. INDEPENDENCE OF THE CLAUSES<\/h4>\t\t\t\t<\/div>\n\t\t\t\t<\/div>\n\t\t\t\t<div class=\"elementor-element elementor-element-a5c53b6 elementor-widget elementor-widget-text-editor\" data-id=\"a5c53b6\" data-element_type=\"widget\" data-widget_type=\"text-editor.default\">\n\t\t\t\t<div class=\"elementor-widget-container\">\n\t\t\t\t\t\t\t\t\t<p>If any of these clauses is found to be illegal, void or unenforceable, in whole or in part, the unenforceable portion will not affect the validity and enforceability of the other clauses of these terms of use.<\/p>\t\t\t\t\t\t\t\t<\/div>\n\t\t\t\t<\/div>\n\t\t\t\t<div class=\"elementor-element elementor-element-a2eab8a elementor-widget elementor-widget-heading\" data-id=\"a2eab8a\" data-element_type=\"widget\" data-widget_type=\"heading.default\">\n\t\t\t\t<div class=\"elementor-widget-container\">\n\t\t\t\t\t<h4 class=\"elementor-heading-title elementor-size-default\">11. SERVICE INTERRUPTIONS<\/h4>\t\t\t\t<\/div>\n\t\t\t\t<\/div>\n\t\t\t\t<div class=\"elementor-element elementor-element-160d4b0 elementor-widget elementor-widget-text-editor\" data-id=\"160d4b0\" data-element_type=\"widget\" data-widget_type=\"text-editor.default\">\n\t\t\t\t<div class=\"elementor-widget-container\">\n\t\t\t\t\t\t\t\t\t<p>We may need to interrupt your access to the Site in order to carry out unplanned maintenance or emergency work. You agree that your access to the Site may be affected by unplanned or unanticipated downtime, for any reason whatsoever, and that we shall not be liable for any damages or losses arising from such unavailability.<\/p>\t\t\t\t\t\t\t\t<\/div>\n\t\t\t\t<\/div>\n\t\t\t\t<div class=\"elementor-element elementor-element-c27fb2e elementor-widget elementor-widget-heading\" data-id=\"c27fb2e\" data-element_type=\"widget\" data-widget_type=\"heading.default\">\n\t\t\t\t<div class=\"elementor-widget-container\">\n\t\t\t\t\t<h4 class=\"elementor-heading-title elementor-size-default\">12. NO GUARANTEE<\/h4>\t\t\t\t<\/div>\n\t\t\t\t<\/div>\n\t\t\t\t<div class=\"elementor-element elementor-element-dacfb8a elementor-widget elementor-widget-text-editor\" data-id=\"dacfb8a\" data-element_type=\"widget\" data-widget_type=\"text-editor.default\">\n\t\t\t\t<div class=\"elementor-widget-container\">\n\t\t\t\t\t\t\t\t\t<p>Although we have made reasonable efforts to ensure that the content of this site is accurate, we cannot guarantee that it is error-free, up-to-date, or complete. Under no circumstances will we be held liable for any damages that may result from an error on the site.<\/p><p>We assume no liability for any damages resulting from the misuse of the content of the site. We also cannot guarantee that the site will be available without interruption, without errors or omissions, or that defects will be corrected. Nor can we guarantee that the site and the servers that make it available are free of viruses or harmful components. The site and its content are provided &#8220;as is&#8221; and &#8220;as available&#8221; without any representation, warranty, or condition of any kind, either express or implied.<\/p><p>If you decide to subscribe to any services or features of the Site that require a subscription, you agree to provide accurate and up-to-date information about yourself as required by the relevant registration or subscription process, and to ensure its accuracy by making any necessary updates as soon as possible. You agree to maintain the confidentiality of all passwords or other account identifiers chosen by you or assigned to you upon registration or subscription with ESP\u00c9 or its partners and to accept responsibility for all activities that occur under these passwords or accounts. Furthermore, you agree to notify us of any unauthorized use of your password or member account. We shall not be liable, directly or indirectly, for any loss or damage of any kind arising from or related to your failure to comply with this provision.<\/p><p>You acknowledge that we may, in our sole and absolute discretion, and without prior notice, suspend, cancel, or terminate your account, your use of, or access to the Site or any of its services, and remove and discard any information or content relating to the Site or any of its services (and terminate your use thereof), for any reason, including if we believe that you have violated these Terms. Furthermore, you acknowledge that we will not be liable to you or anyone else as a result of such suspension, cancellation, or termination. If you are dissatisfied with ESP\u00c9 or any of its services, or with any of these Terms, rules, policies, guidelines, or our practices relating to the operation of ESP\u00c9 or any of its services, your sole remedy is to discontinue using the Site or service in question.<\/p>\t\t\t\t\t\t\t\t<\/div>\n\t\t\t\t<\/div>\n\t\t\t\t<div class=\"elementor-element elementor-element-1220d80 elementor-widget elementor-widget-heading\" data-id=\"1220d80\" data-element_type=\"widget\" data-widget_type=\"heading.default\">\n\t\t\t\t<div class=\"elementor-widget-container\">\n\t\t\t\t\t<h4 class=\"elementor-heading-title elementor-size-default\">13. CONFIDENTIALITY<\/h4>\t\t\t\t<\/div>\n\t\t\t\t<\/div>\n\t\t\t\t<div class=\"elementor-element elementor-element-0d0eeb1 elementor-widget elementor-widget-text-editor\" data-id=\"0d0eeb1\" data-element_type=\"widget\" data-widget_type=\"text-editor.default\">\n\t\t\t\t<div class=\"elementor-widget-container\">\n\t\t\t\t\t\t\t\t\t<p>Communications via the Internet are subject to interception, loss or alteration, therefore you acknowledge that any information or material you provide electronically through accessing or using this Site is not confidential or proprietary, except to the extent required by applicable law and that unprotected email communications over the Internet may be intercepted, altered or lost.Pour plus d\u2019information, veuillez consulter notre Politique de confidentialit\u00e9 \u00e0 l\u2019adresse suivante :<\/p>\t\t\t\t\t\t\t\t<\/div>\n\t\t\t\t<\/div>\n\t\t\t\t<div class=\"elementor-element elementor-element-39bb249 elementor-widget elementor-widget-heading\" data-id=\"39bb249\" data-element_type=\"widget\" data-widget_type=\"heading.default\">\n\t\t\t\t<div class=\"elementor-widget-container\">\n\t\t\t\t\t<h4 class=\"elementor-heading-title elementor-size-default\">14. LIMITATION OF LIABILITY <\/h4>\t\t\t\t<\/div>\n\t\t\t\t<\/div>\n\t\t\t\t<div class=\"elementor-element elementor-element-49a2cbc elementor-widget elementor-widget-text-editor\" data-id=\"49a2cbc\" data-element_type=\"widget\" data-widget_type=\"text-editor.default\">\n\t\t\t\t<div class=\"elementor-widget-container\">\n\t\t\t\t\t\t\t\t\t<p>We are not liable in any way for any damages you may incur arising from your use of the Site, to the fullest extent of the law. ESP\u00c9&#8217;s maximum liability arising from your use of the Site is limited to one hundred (100) Canadian dollars or the amount paid to ESP\u00c9 in the last six months, whichever is greater. This applies to any claim including, but not limited to, loss of profits or revenue, indirect or punitive damages, negligence, civil liability, or fraud of any kind.<\/p>\t\t\t\t\t\t\t\t<\/div>\n\t\t\t\t<\/div>\n\t\t\t\t<div class=\"elementor-element elementor-element-caced4c elementor-widget elementor-widget-heading\" data-id=\"caced4c\" data-element_type=\"widget\" data-widget_type=\"heading.default\">\n\t\t\t\t<div class=\"elementor-widget-container\">\n\t\t\t\t\t<h4 class=\"elementor-heading-title elementor-size-default\">15. QUESTIONS AND ADDITIONAL INFORMATION<\/h4>\t\t\t\t<\/div>\n\t\t\t\t<\/div>\n\t\t\t\t<div class=\"elementor-element elementor-element-288f52f elementor-widget elementor-widget-text-editor\" data-id=\"288f52f\" data-element_type=\"widget\" data-widget_type=\"text-editor.default\">\n\t\t\t\t<div class=\"elementor-widget-container\">\n\t\t\t\t\t\t\t\t\t<p>For any questions or further information, please contact us at the following address:<\/p><p><a href=\"mailto:info@espemtl.com\">info@espemtl.com<\/a><\/p>\t\t\t\t\t\t\t\t<\/div>\n\t\t\t\t<\/div>\n\t\t\t\t<\/div>\n\t\t\t\t\t<\/div>\n\t\t\t\t<\/div>\n\t\t\t\t<\/div>\n\t\t","protected":false},"excerpt":{"rendered":"<p>Terms &amp; Conditions The following terms and conditions govern and apply to your use of or reliance on the website [&hellip;]<\/p>\n","protected":false},"author":1,"featured_media":0,"parent":0,"menu_order":4,"comment_status":"closed","ping_status":"closed","template":"","meta":{"_acf_changed":false,"_seopress_robots_primary_cat":"","_seopress_titles_title":"","_seopress_titles_desc":"","_seopress_robots_index":"","site-sidebar-layout":"no-sidebar","site-content-layout":"","ast-site-content-layout":"full-width-container","site-content-style":"default","site-sidebar-style":"default","ast-global-header-display":"","ast-banner-title-visibility":"","ast-main-header-display":"","ast-hfb-above-header-display":"","ast-hfb-below-header-display":"","ast-hfb-mobile-header-display":"","site-post-title":"disabled","ast-breadcrumbs-content":"","ast-featured-img":"disabled","footer-sml-layout":"","theme-transparent-header-meta":"default","adv-header-id-meta":"","stick-header-meta":"","header-above-stick-meta":"","header-main-stick-meta":"","header-below-stick-meta":"","astra-migrate-meta-layouts":"set","ast-page-background-enabled":"default","ast-page-background-meta":{"desktop":{"background-color":"var(--ast-global-color-5)","background-image":"","background-repeat":"repeat","background-position":"center center","background-size":"auto","background-attachment":"scroll","background-type":"","background-media":"","overlay-type":"","overlay-color":"","overlay-opacity":"","overlay-gradient":""},"tablet":{"background-color":"","background-image":"","background-repeat":"repeat","background-position":"center center","background-size":"auto","background-attachment":"scroll","background-type":"","background-media":"","overlay-type":"","overlay-color":"","overlay-opacity":"","overlay-gradient":""},"mobile":{"background-color":"","background-image":"","background-repeat":"repeat","background-position":"center center","background-size":"auto","background-attachment":"scroll","background-type":"","background-media":"","overlay-type":"","overlay-color":"","overlay-opacity":"","overlay-gradient":""}},"ast-content-background-meta":{"desktop":{"background-color":"var(--ast-global-color-4)","background-image":"","background-repeat":"repeat","background-position":"center center","background-size":"auto","background-attachment":"scroll","background-type":"","background-media":"","overlay-type":"","overlay-color":"","overlay-opacity":"","overlay-gradient":""},"tablet":{"background-color":"var(--ast-global-color-4)","background-image":"","background-repeat":"repeat","background-position":"center center","background-size":"auto","background-attachment":"scroll","background-type":"","background-media":"","overlay-type":"","overlay-color":"","overlay-opacity":"","overlay-gradient":""},"mobile":{"background-color":"var(--ast-global-color-4)","background-image":"","background-repeat":"repeat","background-position":"center center","background-size":"auto","background-attachment":"scroll","background-type":"","background-media":"","overlay-type":"","overlay-color":"","overlay-opacity":"","overlay-gradient":""}},"footnotes":""},"banniere-avec-logo-noir":[],"quartier":[],"service":[],"class_list":["post-18457","page","type-page","status-publish","hentry"],"acf":[],"_links":{"self":[{"href":"https:\/\/espemtl.com\/en\/wp-json\/wp\/v2\/pages\/18457","targetHints":{"allow":["GET"]}}],"collection":[{"href":"https:\/\/espemtl.com\/en\/wp-json\/wp\/v2\/pages"}],"about":[{"href":"https:\/\/espemtl.com\/en\/wp-json\/wp\/v2\/types\/page"}],"author":[{"embeddable":true,"href":"https:\/\/espemtl.com\/en\/wp-json\/wp\/v2\/users\/1"}],"replies":[{"embeddable":true,"href":"https:\/\/espemtl.com\/en\/wp-json\/wp\/v2\/comments?post=18457"}],"version-history":[{"count":10,"href":"https:\/\/espemtl.com\/en\/wp-json\/wp\/v2\/pages\/18457\/revisions"}],"predecessor-version":[{"id":29841,"href":"https:\/\/espemtl.com\/en\/wp-json\/wp\/v2\/pages\/18457\/revisions\/29841"}],"wp:attachment":[{"href":"https:\/\/espemtl.com\/en\/wp-json\/wp\/v2\/media?parent=18457"}],"wp:term":[{"taxonomy":"banniere-avec-logo-noir","embeddable":true,"href":"https:\/\/espemtl.com\/en\/wp-json\/wp\/v2\/banniere-avec-logo-noir?post=18457"},{"taxonomy":"quartier","embeddable":true,"href":"https:\/\/espemtl.com\/en\/wp-json\/wp\/v2\/quartier?post=18457"},{"taxonomy":"service","embeddable":true,"href":"https:\/\/espemtl.com\/en\/wp-json\/wp\/v2\/service?post=18457"}],"curies":[{"name":"wp","href":"https:\/\/api.w.org\/{rel}","templated":true}]}}